{"id":3292,"date":"2020-02-29T18:45:39","date_gmt":"2020-02-29T17:45:39","guid":{"rendered":"https:\/\/www.prague-taxi.co.uk\/?page_id=3292"},"modified":"2020-02-29T18:45:41","modified_gmt":"2020-02-29T17:45:41","slug":"zalecany-transport-taksowka-z-lotniska-w-pradze","status":"publish","type":"page","link":"https:\/\/www.prague-taxi.co.uk\/pl\/zalecany-transport-taksowka-z-lotniska-w-pradze\/","title":{"rendered":"Zalecany transport taks\u00f3wk\u0105 z lotniska w Pradze"},"content":{"rendered":"\n<p><a href=\"https:\/\/www.prague-airport-transfers.co.uk\/\">Prague Airport Transfers sro<\/a> jest profesjonaln\u0105 firm\u0105 taks\u00f3wkarsk\u0105 koncentruj\u0105c\u0105 si\u0119 g\u0142\u00f3wnie na transferach z lotniska i z miasta do miasta. Powinien by\u0107 to Tw\u00f3j pierwszy wyb\u00f3r przy l\u0105dowaniu lub wyje\u017adzie z Pragi, gdy\u017c s\u0105 bardzo zachwalani w\u015br\u00f3d podr\u00f3\u017cnych. Prywatna przeja\u017cd\u017cka z lotniska do hotelu b\u0119dzie Ci\u0119 kosztowa\u0107 oko\u0142o 25 euro, co i tak jest taniej ni\u017c korzystanie ze zwyk\u0142ej taks\u00f3wki. Wszystkie korzy\u015bci zwi\u0105zane ze zwyk\u0142\u0105 taks\u00f3wk\u0105 lub nawet Uber\/Bolt znajduj\u0105 si\u0119 w poni\u017cszej tabeli.<\/p>\n\n\n\n<figure class=\"wp-block-table is-style-regular\"><table class=\"\"><tbody><tr><td>\n  &nbsp;\n  <\/td><td><strong>   Prague Airport Transfers   <\/strong><\/td><td><strong>   Uber\/Bolt   <\/strong><\/td><td><strong>   Taks\u00f3wki Publiczne   <\/strong><\/td><\/tr><tr><td><strong>   Kierowca   <\/strong><\/td><td>\n  Profesjonalista z dobr\u0105 znajomo\u015bci\u0105 j\u0119zyka\n  angielskiego\n  <\/td><td>\n  J\u0119zyk jest cz\u0119sto ograniczony jedynie do\n  czeskiego lub rosyjskiego\n  <\/td><td>\n  J\u0119zyk jest cz\u0119sto ograniczony tylko do\n  czeskiego\n  <\/td><\/tr><tr><td><strong>   Odbi\u00f3r   <\/strong><\/td><td>\n  Odbi\u00f3r przy terminal przylot\u00f3w z tabliczk\u0105 \n  <\/td><td>\n  Na parkingu przed lotniskiem\n  <\/td><td>\n  Przed sal\u0105 przylot\u00f3w\n  <\/td><\/tr><tr><td>   <strong>Pojazdy   <\/strong><\/td><td>\n  Skoda Superb, Mercedes klasy E\n  <\/td><td>\n  Starsze, g\u0142\u00f3wnie mniejsze i kompaktowe\n  samochody\n  <\/td><td>\n  Skoda Superb\n  <\/td><\/tr><tr><td><strong>   Czas Oczekiwania   <\/strong><\/td><td>\n  Meet &amp; Greet (brak czasu oczekiwania)\n  <\/td><td>\n  \u015arednio 10 &#8211; 15 minut\n  <\/td><td>\n  Brak czasu oczekiwania\n  <\/td><\/tr><tr><td><strong>Premie\/Dodatki   <\/strong><\/td><td>\n  Darmowy przewodnik, woda, mapka i\n  przewodnik w papierze\n  <\/td><td>\n  Brak\n  <\/td><td>\n  Brak\n  <\/td><\/tr><tr><td><strong>   Cena   <\/strong><\/td><td>\n  Od \u20ac22 do \u20ac28 za prywatny transfer\n  <\/td><td>\n  Od \u20ac15 do \u20ac40 w zale\u017cno\u015bci od aktualnych\n  cen w danej chwili oraz modelu samochodu\n  <\/td><td>\n  Od \u20ac25 Do \u20ac40. Ryzyko nieprawdziwych cen\n  <\/td><\/tr><\/tbody><\/table><\/figure>\n","protected":false},"excerpt":{"rendered":"<p>Prague Airport Transfers sro jest profesjonaln\u0105 firm\u0105 taks\u00f3wkarsk\u0105 koncentruj\u0105c\u0105 si\u0119 g\u0142\u00f3wnie na transferach z lotniska i z miasta do miasta. Powinien by\u0107 to Tw\u00f3j pierwszy wyb\u00f3r przy l\u0105dowaniu lub wyje\u017adzie z Pragi, gdy\u017c s\u0105 bardzo zachwalani w\u015br\u00f3d podr\u00f3\u017cnych. Prywatna przeja\u017cd\u017cka z lotniska do hotelu b\u0119dzie Ci\u0119 kosztowa\u0107 oko\u0142o 25 euro, co i tak jest taniej<\/p>\n<div class=\"read-more\"><a href=\"https:\/\/www.prague-taxi.co.uk\/pl\/zalecany-transport-taksowka-z-lotniska-w-pradze\/\" title=\"Read More\">Read More<\/a><\/div>\n","protected":false},"author":1,"featured_media":3558,"parent":0,"menu_order":0,"comment_status":"closed","ping_status":"closed","template":"","meta":{"footnotes":""},"class_list":["post-3292","page","type-page","status-publish","has-post-thumbnail"],"yoast_head":"<!-- This site is optimized with the Yoast SEO plugin v27.4 - https:\/\/yoast.com\/product\/yoast-seo-wordpress\/ -->\n<title>Zalecany transport taks\u00f3wk\u0105 z lotniska w Pradze &#8211; Prague Taxi<\/title>\n<meta name=\"description\" content=\"Prague Airport Transfers sro jest profesjonaln\u0105 firm\u0105 taks\u00f3wkarsk\u0105 koncentruj\u0105c\u0105 si\u0119 g\u0142\u00f3wnie na transferach z lotniska i z miasta do miasta. Powinien by\u0107\" \/>\n<meta name=\"robots\" content=\"index, follow, max-snippet:-1, max-image-preview:large, max-video-preview:-1\" \/>\n<link rel=\"canonical\" href=\"https:\/\/www.prague-taxi.co.uk\/pl\/zalecany-transport-taksowka-z-lotniska-w-pradze\/\" \/>\n<meta property=\"og:locale\" content=\"pl_PL\" \/>\n<meta property=\"og:type\" content=\"article\" \/>\n<meta property=\"og:title\" content=\"Zalecany transport taks\u00f3wk\u0105 z lotniska w Pradze &#8211; Prague Taxi\" \/>\n<meta property=\"og:description\" content=\"Prague Airport Transfers sro jest profesjonaln\u0105 firm\u0105 taks\u00f3wkarsk\u0105 koncentruj\u0105c\u0105 si\u0119 g\u0142\u00f3wnie na transferach z lotniska i z miasta do miasta. Powinien by\u0107\" \/>\n<meta property=\"og:url\" content=\"https:\/\/www.prague-taxi.co.uk\/pl\/zalecany-transport-taksowka-z-lotniska-w-pradze\/\" \/>\n<meta property=\"og:site_name\" content=\"Prague Taxi\" \/>\n<meta property=\"article:modified_time\" content=\"2020-02-29T17:45:41+00:00\" \/>\n<meta property=\"og:image\" content=\"https:\/\/www.prague-taxi.co.uk\/wp-content\/uploads\/2020\/03\/pat.jpg\" \/>\n\t<meta property=\"og:image:width\" content=\"1078\" \/>\n\t<meta property=\"og:image:height\" content=\"516\" \/>\n\t<meta property=\"og:image:type\" content=\"image\/jpeg\" \/>\n<meta name=\"twitter:card\" content=\"summary_large_image\" \/>\n<meta name=\"twitter:label1\" content=\"Szacowany czas czytania\" \/>\n\t<meta name=\"twitter:data1\" content=\"1 minuta\" \/>\n<script type=\"application\/ld+json\" class=\"yoast-schema-graph\">{\"@context\":\"https:\\\/\\\/schema.org\",\"@graph\":[{\"@type\":\"WebPage\",\"@id\":\"https:\\\/\\\/www.prague-taxi.co.uk\\\/pl\\\/zalecany-transport-taksowka-z-lotniska-w-pradze\\\/\",\"url\":\"https:\\\/\\\/www.prague-taxi.co.uk\\\/pl\\\/zalecany-transport-taksowka-z-lotniska-w-pradze\\\/\",\"name\":\"Zalecany transport taks\u00f3wk\u0105 z lotniska w Pradze &#8211; Prague Taxi\",\"isPartOf\":{\"@id\":\"https:\\\/\\\/www.prague-taxi.co.uk\\\/#website\"},\"primaryImageOfPage\":{\"@id\":\"https:\\\/\\\/www.prague-taxi.co.uk\\\/pl\\\/zalecany-transport-taksowka-z-lotniska-w-pradze\\\/#primaryimage\"},\"image\":{\"@id\":\"https:\\\/\\\/www.prague-taxi.co.uk\\\/pl\\\/zalecany-transport-taksowka-z-lotniska-w-pradze\\\/#primaryimage\"},\"thumbnailUrl\":\"https:\\\/\\\/www.prague-taxi.co.uk\\\/wp-content\\\/uploads\\\/2020\\\/03\\\/pat.jpg\",\"datePublished\":\"2020-02-29T17:45:39+00:00\",\"dateModified\":\"2020-02-29T17:45:41+00:00\",\"description\":\"Prague Airport Transfers sro jest profesjonaln\u0105 firm\u0105 taks\u00f3wkarsk\u0105 koncentruj\u0105c\u0105 si\u0119 g\u0142\u00f3wnie na transferach z lotniska i z miasta do miasta. Powinien by\u0107\",\"breadcrumb\":{\"@id\":\"https:\\\/\\\/www.prague-taxi.co.uk\\\/pl\\\/zalecany-transport-taksowka-z-lotniska-w-pradze\\\/#breadcrumb\"},\"inLanguage\":\"pl-PL\",\"potentialAction\":[{\"@type\":\"ReadAction\",\"target\":[\"https:\\\/\\\/www.prague-taxi.co.uk\\\/pl\\\/zalecany-transport-taksowka-z-lotniska-w-pradze\\\/\"]}]},{\"@type\":\"ImageObject\",\"inLanguage\":\"pl-PL\",\"@id\":\"https:\\\/\\\/www.prague-taxi.co.uk\\\/pl\\\/zalecany-transport-taksowka-z-lotniska-w-pradze\\\/#primaryimage\",\"url\":\"https:\\\/\\\/www.prague-taxi.co.uk\\\/wp-content\\\/uploads\\\/2020\\\/03\\\/pat.jpg\",\"contentUrl\":\"https:\\\/\\\/www.prague-taxi.co.uk\\\/wp-content\\\/uploads\\\/2020\\\/03\\\/pat.jpg\",\"width\":1078,\"height\":516},{\"@type\":\"BreadcrumbList\",\"@id\":\"https:\\\/\\\/www.prague-taxi.co.uk\\\/pl\\\/zalecany-transport-taksowka-z-lotniska-w-pradze\\\/#breadcrumb\",\"itemListElement\":[{\"@type\":\"ListItem\",\"position\":1,\"name\":\"Home\",\"item\":\"https:\\\/\\\/www.prague-taxi.co.uk\\\/\"},{\"@type\":\"ListItem\",\"position\":2,\"name\":\"Zalecany transport taks\u00f3wk\u0105 z lotniska w Pradze\"}]},{\"@type\":\"WebSite\",\"@id\":\"https:\\\/\\\/www.prague-taxi.co.uk\\\/#website\",\"url\":\"https:\\\/\\\/www.prague-taxi.co.uk\\\/\",\"name\":\"Prague Taxi\",\"description\":\"Information about Taxis in Prague\",\"publisher\":{\"@id\":\"https:\\\/\\\/www.prague-taxi.co.uk\\\/#\\\/schema\\\/person\\\/b67f0c8b8bcc1c6ec20ebe17e3e3d4b3\"},\"potentialAction\":[{\"@type\":\"SearchAction\",\"target\":{\"@type\":\"EntryPoint\",\"urlTemplate\":\"https:\\\/\\\/www.prague-taxi.co.uk\\\/?s={search_term_string}\"},\"query-input\":{\"@type\":\"PropertyValueSpecification\",\"valueRequired\":true,\"valueName\":\"search_term_string\"}}],\"inLanguage\":\"pl-PL\"},{\"@type\":[\"Person\",\"Organization\"],\"@id\":\"https:\\\/\\\/www.prague-taxi.co.uk\\\/#\\\/schema\\\/person\\\/b67f0c8b8bcc1c6ec20ebe17e3e3d4b3\",\"name\":\"Contributor\",\"logo\":{\"@id\":\"https:\\\/\\\/www.prague-taxi.co.uk\\\/#\\\/schema\\\/person\\\/image\\\/\"}}]}<\/script>\n<!-- \/ Yoast SEO plugin. -->","yoast_head_json":{"title":"Zalecany transport taks\u00f3wk\u0105 z lotniska w Pradze &#8211; Prague Taxi","description":"Prague Airport Transfers sro jest profesjonaln\u0105 firm\u0105 taks\u00f3wkarsk\u0105 koncentruj\u0105c\u0105 si\u0119 g\u0142\u00f3wnie na transferach z lotniska i z miasta do miasta. Powinien by\u0107","robots":{"index":"index","follow":"follow","max-snippet":"max-snippet:-1","max-image-preview":"max-image-preview:large","max-video-preview":"max-video-preview:-1"},"canonical":"https:\/\/www.prague-taxi.co.uk\/pl\/zalecany-transport-taksowka-z-lotniska-w-pradze\/","og_locale":"pl_PL","og_type":"article","og_title":"Zalecany transport taks\u00f3wk\u0105 z lotniska w Pradze &#8211; Prague Taxi","og_description":"Prague Airport Transfers sro jest profesjonaln\u0105 firm\u0105 taks\u00f3wkarsk\u0105 koncentruj\u0105c\u0105 si\u0119 g\u0142\u00f3wnie na transferach z lotniska i z miasta do miasta. Powinien by\u0107","og_url":"https:\/\/www.prague-taxi.co.uk\/pl\/zalecany-transport-taksowka-z-lotniska-w-pradze\/","og_site_name":"Prague Taxi","article_modified_time":"2020-02-29T17:45:41+00:00","og_image":[{"width":1078,"height":516,"url":"https:\/\/www.prague-taxi.co.uk\/wp-content\/uploads\/2020\/03\/pat.jpg","type":"image\/jpeg"}],"twitter_card":"summary_large_image","twitter_misc":{"Szacowany czas czytania":"1 minuta"},"schema":{"@context":"https:\/\/schema.org","@graph":[{"@type":"WebPage","@id":"https:\/\/www.prague-taxi.co.uk\/pl\/zalecany-transport-taksowka-z-lotniska-w-pradze\/","url":"https:\/\/www.prague-taxi.co.uk\/pl\/zalecany-transport-taksowka-z-lotniska-w-pradze\/","name":"Zalecany transport taks\u00f3wk\u0105 z lotniska w Pradze &#8211; Prague Taxi","isPartOf":{"@id":"https:\/\/www.prague-taxi.co.uk\/#website"},"primaryImageOfPage":{"@id":"https:\/\/www.prague-taxi.co.uk\/pl\/zalecany-transport-taksowka-z-lotniska-w-pradze\/#primaryimage"},"image":{"@id":"https:\/\/www.prague-taxi.co.uk\/pl\/zalecany-transport-taksowka-z-lotniska-w-pradze\/#primaryimage"},"thumbnailUrl":"https:\/\/www.prague-taxi.co.uk\/wp-content\/uploads\/2020\/03\/pat.jpg","datePublished":"2020-02-29T17:45:39+00:00","dateModified":"2020-02-29T17:45:41+00:00","description":"Prague Airport Transfers sro jest profesjonaln\u0105 firm\u0105 taks\u00f3wkarsk\u0105 koncentruj\u0105c\u0105 si\u0119 g\u0142\u00f3wnie na transferach z lotniska i z miasta do miasta. Powinien by\u0107","breadcrumb":{"@id":"https:\/\/www.prague-taxi.co.uk\/pl\/zalecany-transport-taksowka-z-lotniska-w-pradze\/#breadcrumb"},"inLanguage":"pl-PL","potentialAction":[{"@type":"ReadAction","target":["https:\/\/www.prague-taxi.co.uk\/pl\/zalecany-transport-taksowka-z-lotniska-w-pradze\/"]}]},{"@type":"ImageObject","inLanguage":"pl-PL","@id":"https:\/\/www.prague-taxi.co.uk\/pl\/zalecany-transport-taksowka-z-lotniska-w-pradze\/#primaryimage","url":"https:\/\/www.prague-taxi.co.uk\/wp-content\/uploads\/2020\/03\/pat.jpg","contentUrl":"https:\/\/www.prague-taxi.co.uk\/wp-content\/uploads\/2020\/03\/pat.jpg","width":1078,"height":516},{"@type":"BreadcrumbList","@id":"https:\/\/www.prague-taxi.co.uk\/pl\/zalecany-transport-taksowka-z-lotniska-w-pradze\/#breadcrumb","itemListElement":[{"@type":"ListItem","position":1,"name":"Home","item":"https:\/\/www.prague-taxi.co.uk\/"},{"@type":"ListItem","position":2,"name":"Zalecany transport taks\u00f3wk\u0105 z lotniska w Pradze"}]},{"@type":"WebSite","@id":"https:\/\/www.prague-taxi.co.uk\/#website","url":"https:\/\/www.prague-taxi.co.uk\/","name":"Prague Taxi","description":"Information about Taxis in Prague","publisher":{"@id":"https:\/\/www.prague-taxi.co.uk\/#\/schema\/person\/b67f0c8b8bcc1c6ec20ebe17e3e3d4b3"},"potentialAction":[{"@type":"SearchAction","target":{"@type":"EntryPoint","urlTemplate":"https:\/\/www.prague-taxi.co.uk\/?s={search_term_string}"},"query-input":{"@type":"PropertyValueSpecification","valueRequired":true,"valueName":"search_term_string"}}],"inLanguage":"pl-PL"},{"@type":["Person","Organization"],"@id":"https:\/\/www.prague-taxi.co.uk\/#\/schema\/person\/b67f0c8b8bcc1c6ec20ebe17e3e3d4b3","name":"Contributor","logo":{"@id":"https:\/\/www.prague-taxi.co.uk\/#\/schema\/person\/image\/"}}]}},"_links":{"self":[{"href":"https:\/\/www.prague-taxi.co.uk\/pl\/wp-json\/wp\/v2\/pages\/3292","targetHints":{"allow":["GET"]}}],"collection":[{"href":"https:\/\/www.prague-taxi.co.uk\/pl\/wp-json\/wp\/v2\/pages"}],"about":[{"href":"https:\/\/www.prague-taxi.co.uk\/pl\/wp-json\/wp\/v2\/types\/page"}],"author":[{"embeddable":true,"href":"https:\/\/www.prague-taxi.co.uk\/pl\/wp-json\/wp\/v2\/users\/1"}],"replies":[{"embeddable":true,"href":"https:\/\/www.prague-taxi.co.uk\/pl\/wp-json\/wp\/v2\/comments?post=3292"}],"version-history":[{"count":1,"href":"https:\/\/www.prague-taxi.co.uk\/pl\/wp-json\/wp\/v2\/pages\/3292\/revisions"}],"predecessor-version":[{"id":3293,"href":"https:\/\/www.prague-taxi.co.uk\/pl\/wp-json\/wp\/v2\/pages\/3292\/revisions\/3293"}],"wp:featuredmedia":[{"embeddable":true,"href":"https:\/\/www.prague-taxi.co.uk\/pl\/wp-json\/wp\/v2\/media\/3558"}],"wp:attachment":[{"href":"https:\/\/www.prague-taxi.co.uk\/pl\/wp-json\/wp\/v2\/media?parent=3292"}],"curies":[{"name":"wp","href":"https:\/\/api.w.org\/{rel}","templated":true}]}}